{"id":302,"date":"2021-10-11T15:19:34","date_gmt":"2021-10-11T15:19:34","guid":{"rendered":"https:\/\/parquetropical.elenarosino.com\/?page_id=302"},"modified":"2022-01-31T19:31:03","modified_gmt":"2022-01-31T19:31:03","slug":"politica-de-privacidad","status":"publish","type":"page","link":"https:\/\/parquetropical-lanzarote.es\/en\/politica-de-privacidad","title":{"rendered":"Privacy Policy"},"content":{"rendered":"<div data-elementor-type=\"wp-page\" data-elementor-id=\"302\" class=\"elementor elementor-302\">\n\t\t\t\t\t\t<section class=\"elementor-section elementor-top-section elementor-element elementor-element-2901dd4 elementor-section-boxed elementor-section-height-default elementor-section-height-default\" data-id=\"2901dd4\" data-element_type=\"section\" data-e-type=\"section\" data-settings=\"{&quot;background_background&quot;:&quot;classic&quot;}\">\n\t\t\t\t\t\t\t<div class=\"elementor-background-overlay\"><\/div>\n\t\t\t\t\t\t\t<div class=\"elementor-container elementor-column-gap-default\">\n\t\t\t\t\t<div class=\"elementor-column elementor-col-100 elementor-top-column elementor-element elementor-element-660098f\" data-id=\"660098f\" data-element_type=\"column\" data-e-type=\"column\">\n\t\t\t<div class=\"elementor-widget-wrap elementor-element-populated\">\n\t\t\t\t\t\t<div class=\"elementor-element elementor-element-27a2c6d elementor-widget elementor-widget-heading\" data-id=\"27a2c6d\" data-element_type=\"widget\" data-e-type=\"widget\" data-widget_type=\"heading.default\">\n\t\t\t\t<div class=\"elementor-widget-container\">\n\t\t\t\t\t<h1 class=\"elementor-heading-title elementor-size-default\">Privacy Policy<\/h1>\t\t\t\t<\/div>\n\t\t\t\t<\/div>\n\t\t\t\t\t<\/div>\n\t\t<\/div>\n\t\t\t\t\t<\/div>\n\t\t<\/section>\n\t\t\t\t<section class=\"elementor-section elementor-top-section elementor-element elementor-element-45e1415 elementor-section-boxed elementor-section-height-default elementor-section-height-default\" data-id=\"45e1415\" data-element_type=\"section\" data-e-type=\"section\">\n\t\t\t\t\t\t<div class=\"elementor-container elementor-column-gap-default\">\n\t\t\t\t\t<div class=\"elementor-column elementor-col-100 elementor-top-column elementor-element elementor-element-72025af\" data-id=\"72025af\" data-element_type=\"column\" data-e-type=\"column\">\n\t\t\t<div class=\"elementor-widget-wrap elementor-element-populated\">\n\t\t\t\t\t\t<div class=\"elementor-element elementor-element-8855437 elementor-widget elementor-widget-text-editor\" data-id=\"8855437\" data-element_type=\"widget\" data-e-type=\"widget\" data-widget_type=\"text-editor.default\">\n\t\t\t\t<div class=\"elementor-widget-container\">\n\t\t\t\t\t\t\t\t\t<p>Our goal is that you feel comfortable on our website. Protecting your privacy is very important to us. Therefore, we would like to ask you to carefully read the following summary of how our website works. You can rely on transparent and fair data processing, as we strive every day to handle your data safely, carefully and responsibly. The following privacy policies are intended to inform you about how we use your personal information in compliance with the provisions and requirements of the European General Data Protection Regulation.<\/p>\n<h4><strong>ID.<\/strong><\/h4>\n<h4>Owner and contact information:<\/h4>\n<p>Gesti\u00f3n Lanzafue SL&nbsp; \u2013 <strong>B35392745<\/strong><br>C\/Anzuelo n.\u00ba 7&nbsp; Las Palmas. Espa\u00f1a<br>Website: <a href=\"http:\/\/www.parquetropical-lanzarote.com\/\" target=\"_blank\" rel=\"noopener\">http:\/\/www.parquetropical-lanzarote.com\/<\/a><br>Email: <a style=\"font-size: 16px; background-color: #ffffff;\" href=\"mailto:recepcion@parquetropical.net\">direccion@parquetropical.net<\/a><\/p>\n<h4 id=\"h-informaci-n-y-consentimiento\">INFORMATION AND CONSENT.<\/h4>\n<p>By reading this Privacy Policy, the user is informed about the way in which Gesti\u00f3n Lanzafue SL collects, treats and protects the personal data that is provided through the forms provided through the website <a href=\"http:\/\/www.parquetropical-lanzarote.com\/\">http:\/\/www.parquetropical-lanzarote.com\/<\/a>&nbsp;(hereinafter, the<strong>\"Website\"<\/strong>), as well as the data derived from your browsing and any other data that may be provided in the future to Gesti\u00f3n Lanzafue SL. The user must carefully read this Privacy Policy, which has been written in a clear and simple way, to facilitate its understanding, freely and voluntarily determining if you wish to provide your personal data to Gesti\u00f3n Lanzafue SL.<\/p>\n<h4 id=\"h-obligatoriedad-de-facilitar-los-datos\"><strong>OBLIGATION TO PROVIDE DATA.<\/strong><\/h4>\n<p>The data requested in the forms provided on the Website are, in general, mandatory (unless otherwise specified in the required field) to fulfill the established purposes. Therefore, if these data are not provided, or they are not correct, they cannot be attended to.<\/p>\n<h4 id=\"h-con-qu-finalidad-tratar-soy-mamut-los-datos-personales-del-usuario-y-durante-cu-nto-tiempo\"><strong>FOR WHAT PURPOSE WILL GESTI\u00d3N LANZAFUE SL PROCESS THE USER'S PERSONAL DATA AND FOR HOW LONG?<\/strong><\/h4>\n<p>The personal data collected will be processed by Gesti\u00f3n Lanzafue SL in accordance with the following purposes:<\/p>\n<ul>\n<li>Manage your contact requests with Gesti\u00f3n Lanzafue SL through the channels provided for this on the Website.<\/li>\n<li>Carry out analyzes on the use of the Website and check the preferences and behavior of users.<\/li>\n<li>Analyze your data in order to create user profiles that allow you to define in greater detail the products that may be of interest to you.<\/li>\n<\/ul>\n<p>The data will be kept for the time necessary to carry out the purposes for which they were collected, unless the user requests their withdrawal from Gesti\u00f3n Lanzafue SL, opposing or revoking their consent.<\/p>\n<h4 id=\"h-qu-datos-del-usuario-tratar-soy-mamut\"><strong>WHAT USER DATA WILL GESTI\u00d3N LANZAFUE SL PROCESS?<\/strong><\/h4>\n<p>Gesti\u00f3n Lanzafue SL tratar\u00e1 las siguientes categor\u00edas de datos:<\/p>\n<ul>\n<li>Identification Data<\/li>\n<li>Contact details: mobile phone, email address.<\/li>\n<li>Otros datos: datos facilitados por los propios interesados en los campos abiertos de los formularios dispuestos en el Sitio Web.<\/li>\n<li>Navigation data.<\/li>\n<\/ul>\n<p>In the event that the user provides data from third parties, he\/she declares to have\ntheir consent and undertakes to transfer the information contained in the Privacy\nPolicy to the interested party, owner of said data, exempting Gesti\u00f3n Lanzafue SL\nfrom any responsibility in this sense. However, Gesti\u00f3n Lanzafue SL may carry out\nthe necessary verifications to verify this fact, adopting the corresponding due\ndiligence measures, in accordance with data protection regulations.<\/p>\n<h4 id=\"h-cookies-servicios-de-an-lisis-web-y-redes-sociales\"><strong>COOKIES, WEB ANALYSIS SERVICES AND SOCIAL NETWORKS<\/strong><\/h4>\n<p>We use cookies, web analytics services and social media plugins on our website to\nimprove your browsing experience. To consult our <a href=\"https:\/\/parquetropical.elenarosino.com\/elementor-280\" data-type=\"URL\" data-id=\"https:\/\/saradiaz.es\/politica-de-cookies-ue\">Cookies Policy<\/a>.<\/p>\n<h4 id=\"h-cu-l-es-la-legitimaci-n-del-tratamiento-de-tus-datos\"><strong>WHAT IS THE LEGITIMATION OF THE TREATMENT OF YOUR DATA?<\/strong><\/h4>\n<p>The processing of data for the acquisition of products through the Website will be\nnecessary for the fulfillment of the contractual relationship between the user and\nGesti\u00f3n Lanzafue SL. The treatment of your data will be based on the consent of the\nuser collected in the current regulations in force. The treatment for the\naforementioned purposes will always be carried out with the prior consent of the\nuser or based on the aforementioned legitimate interest, and will be necessary to\nattend to your request. Likewise, in case of withdrawing your consent to any of the\ntreatments, this will not affect the legality of the treatments carried out previously. To\nrevoke said consent, the User may contact Gesti\u00f3n Lanzafue SL via email\naddressed to <a href=\"mailto:direccion@parquetropical.net\">direccion@parquetropical.net<\/a><\/p>\n<h4 id=\"h-con-qu-destinatarios-se-compartir-n-los-datos-del-usuario\"><strong>WITH WHICH RECIPIENTS WILL USER DATA BE SHARED?<\/strong><\/h4>\n<p>User data may be communicated to:<\/p>\n<ul>\n<li>Empresas&nbsp; y Entidades relacionadas con Gesti\u00f3n Lanzafue SL, \u00fanicamente para fines administrativos internos y\/o para las finalidades anteriormente indicadas.<\/li>\n<li>Public Administrations and competent national and\/or European authorities, in\nthe foreseen cases.<\/li>\n<\/ul>\n<p>Additionally, the data may be accessible by the entity Gesti\u00f3n Lanzafue SL and by\nproviders of Gesti\u00f3n Lanzafue SL, said access being necessary for the adequate\nfulfillment of the legal obligations and\/or the purposes indicated above. These\nproviders will not process your data for their own purposes that have not been\npreviously informed by Gesti\u00f3n Lanzafue SL. The recipients indicated in this section\nmay be located inside or outside the European Economic Area, in the latter case\nbeing duly legitimized international data transfers.<\/p>\n<h4 id=\"h-responsabilidad-del-usuario\"><strong>RESPONSIBILITY OF THE USER.<\/strong><\/h4>\n<p>The user:<\/p>\n<ul>\n<li>Guarantees that they are over eighteen (18) years of age and that the data\nthey provide to Gesti\u00f3n Lanzafue SL is true, exact, complete and up-to-date.\nFor these purposes, the user is responsible for the veracity of all the data\ncommunicated and will keep the information provided conveniently updated, in\nsuch a way that it responds to their real situation.<\/li>\n<li>Guarantees that you have informed the third parties of whom you provide your\ndata, if you do so, of the aspects contained in this document. Likewise, it\nguarantees that it has obtained your authorization to provide your data to\nGesti\u00f3n Lanzafue SL for the indicated purposes.<\/li>\n<li>You will be responsible for any false or inaccurate information that you provide\nto Gesti\u00f3n Lanzafue SL and for any direct or indirect damages that this may\ncause to Gesti\u00f3n Lanzafue SL or third parties.<\/li>\n<\/ul>\n<h4 id=\"h-cambios-de-la-pol-tica-de-privacidad\"><strong>CHANGES TO THE PRIVACY POLICY.<\/strong><\/h4>\n<p>The user can send a letter to Gesti\u00f3n Lanzafue SL, to the address indicated in the\nheading of this Policy, or by means of an email to the address&nbsp; <a href=\"mailto:direccion@parquetropical.net\">direccion@parquetropical.net<\/a>at any time and free of charge, to:<\/p>\n<ul>\n<li>Revoke the consents granted.<\/li>\n<li>Obtain confirmation as to whether or not Gesti\u00f3n Lanzafue SL is processing\npersonal data concerning the User.<\/li>\n<li>Access your personal data.<\/li>\n<li>Rectify inaccurate or incomplete data.<\/li>\n<li>Request the deletion of your data when, among other reasons, the data is no\nlonger necessary for the purposes for which it was collected.<\/li>\n<li>Obtain from Gesti\u00f3n Lanzafue SL the limitation of data processing when any\nof the conditions set forth in the data protection regulations are met.<\/li>\n<li>Obtain human intervention, to express your point of view and to challenge the\nautomated decisions adopted by Gesti\u00f3n Lanzafue SL.<\/li>\n<li>Request the portability of your data.<\/li>\n<li>File a claim regarding the protection of your personal data when the interested\nparty considers that Gesti\u00f3n Lanzafue SL has violated the rights that are\nrecognized by the applicable regulations on data protection.<\/li>\n<\/ul>\n<h4 id=\"h-medidas-de-seguridad\">SECURITY MEASURES.<\/h4>\n<p>Gesti\u00f3n Lanzafue SL will treat the User's data at all times in an absolutely\nconfidential manner and keeping the same secret, in accordance with the provisions\nof the applicable regulations, adopting for this purpose the necessary technical-\norganizational measures that guarantee the security of your data and avoid its alteration, loss, treatment or unauthorized access,\ntaking into account the state of technology, the nature of\nthe data stored and the risks to which they are exposed.<\/p>\n<h4 id=\"h-cambios-en-la-pol-tica-de-privacidad\"><strong>CHANGES IN THE PRIVACY POLICY<\/strong><\/h4>\n<p>To ensure that our data protection guidelines always comply with current legal\nrequirements, we reserve the right to make changes to always be in line with current\nlegislation. Last update: October 12, 2021.<\/p>\t\t\t\t\t\t\t\t<\/div>\n\t\t\t\t<\/div>\n\t\t\t\t\t<\/div>\n\t\t<\/div>\n\t\t\t\t\t<\/div>\n\t\t<\/section>\n\t\t\t\t<\/div>","protected":false},"excerpt":{"rendered":"<p>Pol\u00edtica de Privacidad Nuestro objetivo es que te sientas c\u00f3modo en nuestro sitio web. La protecci\u00f3n de tu privacidad es muy importante para nosotros. Por lo tanto, nos gustar\u00eda pedirte que leas detenidamente el siguiente resumen sobre c\u00f3mo funciona nuestro sitio web. Puedes confiar en un procesamiento de datos transparente y justo, ya que nos &hellip;<\/p>\n<p class=\"read-more\"> <a class=\"\" href=\"https:\/\/parquetropical-lanzarote.es\/en\/politica-de-privacidad\"> <span class=\"screen-reader-text\">Privacy Policy<\/span> Read More &raquo;<\/a><\/p>","protected":false},"author":2,"featured_media":0,"parent":0,"menu_order":0,"comment_status":"closed","ping_status":"closed","template":"","meta":{"site-sidebar-layout":"no-sidebar","site-content-layout":"page-builder","ast-main-header-display":"","ast-hfb-above-header-display":"","ast-hfb-below-header-display":"","ast-hfb-mobile-header-display":"","site-post-title":"disabled","ast-breadcrumbs-content":"","ast-featured-img":"disabled","footer-sml-layout":"","theme-transparent-header-meta":"default","adv-header-id-meta":"","stick-header-meta":"","header-above-stick-meta":"","header-main-stick-meta":"","header-below-stick-meta":"","footnotes":""},"class_list":["post-302","page","type-page","status-publish","hentry"],"_links":{"self":[{"href":"https:\/\/parquetropical-lanzarote.es\/en\/wp-json\/wp\/v2\/pages\/302","targetHints":{"allow":["GET"]}}],"collection":[{"href":"https:\/\/parquetropical-lanzarote.es\/en\/wp-json\/wp\/v2\/pages"}],"about":[{"href":"https:\/\/parquetropical-lanzarote.es\/en\/wp-json\/wp\/v2\/types\/page"}],"author":[{"embeddable":true,"href":"https:\/\/parquetropical-lanzarote.es\/en\/wp-json\/wp\/v2\/users\/2"}],"replies":[{"embeddable":true,"href":"https:\/\/parquetropical-lanzarote.es\/en\/wp-json\/wp\/v2\/comments?post=302"}],"version-history":[{"count":19,"href":"https:\/\/parquetropical-lanzarote.es\/en\/wp-json\/wp\/v2\/pages\/302\/revisions"}],"predecessor-version":[{"id":475,"href":"https:\/\/parquetropical-lanzarote.es\/en\/wp-json\/wp\/v2\/pages\/302\/revisions\/475"}],"wp:attachment":[{"href":"https:\/\/parquetropical-lanzarote.es\/en\/wp-json\/wp\/v2\/media?parent=302"}],"curies":[{"name":"wp","href":"https:\/\/api.w.org\/{rel}","templated":true}]}}