{"id":259,"date":"2021-10-11T14:51:13","date_gmt":"2021-10-11T14:51:13","guid":{"rendered":"https:\/\/parquetropical.elenarosino.com\/?page_id=259"},"modified":"2021-10-11T15:32:28","modified_gmt":"2021-10-11T15:32:28","slug":"aviso-legal","status":"publish","type":"page","link":"https:\/\/parquetropical-lanzarote.es\/es_es\/aviso-legal","title":{"rendered":"Aviso Legal"},"content":{"rendered":"\t\t<div data-elementor-type=\"wp-page\" data-elementor-id=\"259\" class=\"elementor elementor-259\">\n\t\t\t\t\t\t<section class=\"elementor-section elementor-top-section elementor-element elementor-element-c1881a9 elementor-section-boxed elementor-section-height-default elementor-section-height-default\" data-id=\"c1881a9\" data-element_type=\"section\" data-e-type=\"section\" data-settings=\"{&quot;background_background&quot;:&quot;classic&quot;}\">\n\t\t\t\t\t\t\t<div class=\"elementor-background-overlay\"><\/div>\n\t\t\t\t\t\t\t<div class=\"elementor-container elementor-column-gap-default\">\n\t\t\t\t\t<div class=\"elementor-column elementor-col-100 elementor-top-column elementor-element elementor-element-1cf0aae\" data-id=\"1cf0aae\" data-element_type=\"column\" data-e-type=\"column\">\n\t\t\t<div class=\"elementor-widget-wrap elementor-element-populated\">\n\t\t\t\t\t\t<div class=\"elementor-element elementor-element-6114cd7 elementor-widget elementor-widget-heading\" data-id=\"6114cd7\" data-element_type=\"widget\" data-e-type=\"widget\" data-widget_type=\"heading.default\">\n\t\t\t\t<div class=\"elementor-widget-container\">\n\t\t\t\t\t<h1 class=\"elementor-heading-title elementor-size-default\">Aviso Legal<\/h1>\t\t\t\t<\/div>\n\t\t\t\t<\/div>\n\t\t\t\t\t<\/div>\n\t\t<\/div>\n\t\t\t\t\t<\/div>\n\t\t<\/section>\n\t\t\t\t<section class=\"elementor-section elementor-top-section elementor-element elementor-element-a29087b elementor-section-boxed elementor-section-height-default elementor-section-height-default\" data-id=\"a29087b\" data-element_type=\"section\" data-e-type=\"section\">\n\t\t\t\t\t\t<div class=\"elementor-container elementor-column-gap-default\">\n\t\t\t\t\t<div class=\"elementor-column elementor-col-100 elementor-top-column elementor-element elementor-element-02b57d8\" data-id=\"02b57d8\" data-element_type=\"column\" data-e-type=\"column\">\n\t\t\t<div class=\"elementor-widget-wrap elementor-element-populated\">\n\t\t\t\t\t\t<div class=\"elementor-element elementor-element-87ebb39 elementor-widget elementor-widget-text-editor\" data-id=\"87ebb39\" data-element_type=\"widget\" data-e-type=\"widget\" data-widget_type=\"text-editor.default\">\n\t\t\t\t<div class=\"elementor-widget-container\">\n\t\t\t\t\t\t\t\t\t<h4>OBJETO<\/h4><p>Las presentes condiciones legales de <strong>Gesti\u00f3n Lanzafue S.L.<\/strong> son establecidas con el fin de determinar los criterios y condiciones de uso de la p\u00e1gina web: <a href=\"http:\/\/www.parquetropical-lanzarote.com\/\" target=\"_blank\" rel=\"noopener\">http:\/\/www.parquetropical-lanzarote.com\/<\/a><\/p><h4>Datos del titular y contacto:<\/h4><p>Gesti\u00f3n Lanzafue SL\u00a0 \u2013 <strong>B35392745<\/strong><br \/>C\/Anzuelo n.\u00ba 7\u00a0 Las Palmas. Espa\u00f1a<br \/>Website:<a href=\"http:\/\/www.parquetropical-lanzarote.com\/\" target=\"_blank\" rel=\"noopener\">http:\/\/www.parquetropical-lanzarote.com\/<\/a><br \/>Email: <a style=\"font-size: 16px; background-color: #ffffff;\" href=\"mailto:recepcion@parquetropical.net\">direccion@parquetropical.net<\/a><\/p><p>Al navegar por este sitio web el navegante adquiere la condici\u00f3n de usuario; el usuario acepta las condiciones de uso planteadas, \u00a0<strong>Gesti\u00f3n Lanzafue S.L.<\/strong>, se reserva el derecho a modificar en cualquier momento sus condiciones legales, as\u00ed como a realizar cualquier mejora t\u00e9cnica o visual que considere oportuno; si las modificaciones afectan a la privacidad de los usuarios, se avisar\u00e1 con antelaci\u00f3n a la entrada en vigor de los cambios.<\/p><p>En cumplimiento Ley Org\u00e1nica de Protecci\u00f3n de Datos Personales y Garant\u00eda de los Derechos Digitales (LOPD-GDD 3\/2018) y con el Reglamento General de Protecci\u00f3n de Datos (RGPD UE 2016\/679) para poder atender sus consultas, cumplimente los campos obligatorios. No se ceden datos a terceros salvo obligaci\u00f3n legal o en el supuesto que sea necesario para atender su solicitud, en caso de cambios y modificaciones en sus datos deber\u00e1 comunicarlo. Pueden ejercitar sus derechos de acceso, rectificaci\u00f3n, supresi\u00f3n, limitaci\u00f3n, oposici\u00f3n y portabilidad a la siguiente direcci\u00f3n: <a style=\"font-size: 16px; background-color: #ffffff;\" href=\"mailto:recepcion@parquetropical.net\">direccion@parquetropical.net<\/a><\/p><h4>POL\u00cdTICA DE ENLACES<\/h4><p>En esta web se han establecido enlaces a p\u00e1ginas de terceros con el fin de facilitar a los usuarios en acceso a distintas redes sociales y plataformas de internet; \u00a0<strong>Gesti\u00f3n Lanzafue S.L.<\/strong><strong>\u00a0<\/strong>no se hace responsable de los contenidos, ofertas, productos o servicios que pudieran encontrarse.<\/p><p>LEGISLACI\u00d3N APLICABLE Lo referente a \u00a0<strong>Gesti\u00f3n Lanzafue S.L.<\/strong>, y el usuario se llevar\u00e1 a cabo dentro de la normativa nacional vigente y cualquier controversia se sustanciar\u00e1 a trav\u00e9s de los Juzgados y Tribunales de Las Palmas de Gran Canaria.<\/p>\t\t\t\t\t\t\t\t<\/div>\n\t\t\t\t<\/div>\n\t\t\t\t\t<\/div>\n\t\t<\/div>\n\t\t\t\t\t<\/div>\n\t\t<\/section>\n\t\t\t\t<\/div>\n\t\t","protected":false},"excerpt":{"rendered":"<p>Aviso Legal OBJETO Las presentes condiciones legales de Gesti\u00f3n Lanzafue S.L. son establecidas con el fin de determinar los criterios y condiciones de uso de la p\u00e1gina web: http:\/\/www.parquetropical-lanzarote.com\/ Datos del titular y contacto: Gesti\u00f3n Lanzafue SL\u00a0 \u2013 B35392745C\/Anzuelo n.\u00ba 7\u00a0 Las Palmas. Espa\u00f1aWebsite:http:\/\/www.parquetropical-lanzarote.com\/Email: direccion@parquetropical.net Al navegar por este sitio web el navegante adquiere la &hellip;<\/p>\n<p class=\"read-more\"> <a class=\"\" href=\"https:\/\/parquetropical-lanzarote.es\/es_es\/aviso-legal\"> <span class=\"screen-reader-text\">Aviso Legal<\/span> Leer m\u00e1s &raquo;<\/a><\/p>\n","protected":false},"author":2,"featured_media":0,"parent":0,"menu_order":0,"comment_status":"closed","ping_status":"closed","template":"","meta":{"site-sidebar-layout":"no-sidebar","site-content-layout":"page-builder","ast-main-header-display":"","ast-hfb-above-header-display":"","ast-hfb-below-header-display":"","ast-hfb-mobile-header-display":"","site-post-title":"disabled","ast-breadcrumbs-content":"","ast-featured-img":"disabled","footer-sml-layout":"","theme-transparent-header-meta":"default","adv-header-id-meta":"","stick-header-meta":"","header-above-stick-meta":"","header-main-stick-meta":"","header-below-stick-meta":"","footnotes":""},"class_list":["post-259","page","type-page","status-publish","hentry"],"_links":{"self":[{"href":"https:\/\/parquetropical-lanzarote.es\/es_es\/wp-json\/wp\/v2\/pages\/259","targetHints":{"allow":["GET"]}}],"collection":[{"href":"https:\/\/parquetropical-lanzarote.es\/es_es\/wp-json\/wp\/v2\/pages"}],"about":[{"href":"https:\/\/parquetropical-lanzarote.es\/es_es\/wp-json\/wp\/v2\/types\/page"}],"author":[{"embeddable":true,"href":"https:\/\/parquetropical-lanzarote.es\/es_es\/wp-json\/wp\/v2\/users\/2"}],"replies":[{"embeddable":true,"href":"https:\/\/parquetropical-lanzarote.es\/es_es\/wp-json\/wp\/v2\/comments?post=259"}],"version-history":[{"count":16,"href":"https:\/\/parquetropical-lanzarote.es\/es_es\/wp-json\/wp\/v2\/pages\/259\/revisions"}],"predecessor-version":[{"id":322,"href":"https:\/\/parquetropical-lanzarote.es\/es_es\/wp-json\/wp\/v2\/pages\/259\/revisions\/322"}],"wp:attachment":[{"href":"https:\/\/parquetropical-lanzarote.es\/es_es\/wp-json\/wp\/v2\/media?parent=259"}],"curies":[{"name":"wp","href":"https:\/\/api.w.org\/{rel}","templated":true}]}}